{"id":147,"date":"2022-09-05T20:48:55","date_gmt":"2022-09-05T18:48:55","guid":{"rendered":"https:\/\/riverbalance-kuhnitzsch.com\/?page_id=147"},"modified":"2025-02-26T21:59:24","modified_gmt":"2025-02-26T20:59:24","slug":"ueber-mich","status":"publish","type":"page","link":"https:\/\/riverbalance-kuhnitzsch.com\/index.php\/ueber-mich\/","title":{"rendered":"Riverbalance"},"content":{"rendered":"<figure class=\"wp-block-video\"><video height=\"720\" style=\"aspect-ratio: 1280 \/ 720;\" width=\"1280\" autoplay controls src=\"https:\/\/riverbalance-kuhnitzsch.com\/wp-content\/uploads\/2025\/02\/Trailer-Riverbalance-final.mp4\" playsinline><\/video><\/figure><p><\/p><p><\/p><div class=\"wp-block-media-text alignwide is-stacked-on-mobile\" style=\"grid-template-columns:43% auto\"><figure class=\"wp-block-media-text__media\"><img fetchpriority=\"high\" decoding=\"async\" width=\"1024\" height=\"614\" src=\"https:\/\/riverbalance-kuhnitzsch.com\/wp-content\/uploads\/2023\/05\/base_logo_transparent_background-1024x614.png\" alt=\"\" class=\"wp-image-478 size-full\" srcset=\"https:\/\/riverbalance-kuhnitzsch.com\/wp-content\/uploads\/2023\/05\/base_logo_transparent_background-1024x614.png 1024w, https:\/\/riverbalance-kuhnitzsch.com\/wp-content\/uploads\/2023\/05\/base_logo_transparent_background-600x360.png 600w, https:\/\/riverbalance-kuhnitzsch.com\/wp-content\/uploads\/2023\/05\/base_logo_transparent_background-300x180.png 300w, https:\/\/riverbalance-kuhnitzsch.com\/wp-content\/uploads\/2023\/05\/base_logo_transparent_background-768x461.png 768w, https:\/\/riverbalance-kuhnitzsch.com\/wp-content\/uploads\/2023\/05\/base_logo_transparent_background-1536x922.png 1536w, https:\/\/riverbalance-kuhnitzsch.com\/wp-content\/uploads\/2023\/05\/base_logo_transparent_background-2048x1229.png 2048w, https:\/\/riverbalance-kuhnitzsch.com\/wp-content\/uploads\/2023\/05\/base_logo_transparent_background-500x300.png 500w\" sizes=\"(max-width: 1024px) 100vw, 1024px\" \/><\/figure><div class=\"wp-block-media-text__content\"><p>Riverbalance entstand aus der Idee heraus, dass Thema Wasser hautnah an die Menschen heran zu bringen. Denn ohne dieses Gut sind wir aufgeschmissen. Wir wollten die pure <strong>Freiheit<\/strong> sp\u00fcren, <strong>Ver\u00e4nderungen<\/strong> bewirken und eine Philosophie als Berufung leben, in der das \u201eMachen\u201c an erster Stelle steht und die Dinge dadurch ins Rollen kommen. Mit meiner Ehefrau zusammen, entwarfen wir Logo, Slogan und Markenname. Im Jahr 2022 war es dann endlich soweit, \u201eRiverbalance\u201c wurde als Familienunternehmen geboren. Unser oberstes Ziel ist es, Balance und Harmonie in die Flie\u00dfgew\u00e4sser und in das Leben jedes Einzelnen zu bringen. Das nat\u00fcrlich auf unterschiedlichsten Wegen. Hauptsache wir alle kommen wieder in den Fluss des Lebens, denn \u2013 \u201eOhne Fluss kein Leben\u201c.<\/p><\/div><\/div><p><\/p><h2 class=\"wp-block-heading alignfull has-text-align-center\">\u00dcber Clemens<\/h2><div class=\"wp-block-media-text alignwide has-media-on-the-right is-stacked-on-mobile\" style=\"grid-template-columns:auto 34%\"><div class=\"wp-block-media-text__content\"><p>\u201eOhne Fluss kein Leben\u201c. Danach lebe ich nun seit vielen Jahren sehr gl\u00fccklich und im Einklang mit der Natur und vor allem den Flie\u00dfgew\u00e4ssern. Mein Leitspruch bezieht sich auf viele Bereiche meines Lebens, wo ein nat\u00fcrlicher Fluss w\u00fcnschenswert ist. Als leidenschaftlicher Hydrobiologe, Wildnisp\u00e4dagoge und H\u00fcter des Wassers (zumindest in diesem Leben\u2026) habe ich es mir als Lebensaufgabe gesetzt, die Welt der Gew\u00e4sser und vor allem das Thema Wasser, den Menschen ins Bewusstsein zu rufen. Die eindrucksvollen Erfahrungen, welche ich in meiner langj\u00e4hrigen T\u00e4tigkeit an den s\u00e4chsischen und bayrischen Gew\u00e4ssern sammeln konnte, sollen nun weitergegeben werden. Mein oberstes Ziel ist es, die Sch\u00f6nheit unserer heimischen Gew\u00e4sser aufzudecken und die Faszination bei jedem Einzelnen zu wecken. In meiner Freizeit gibt es fast keinen Tag, an dem ich nicht an einem Gew\u00e4sser stehe, beobachte und die Zust\u00e4nde analysiere. Die Gew\u00e4sser sind meine R\u00fcckzugsorte und meine Kraftpl\u00e4tze.<\/p><\/div><figure class=\"wp-block-media-text__media\"><img decoding=\"async\" width=\"768\" height=\"1024\" src=\"https:\/\/riverbalance-kuhnitzsch.com\/wp-content\/uploads\/2024\/03\/Ueber-mich-bild-1-768x1024.jpg\" alt=\"\" class=\"wp-image-672 size-full\" srcset=\"https:\/\/riverbalance-kuhnitzsch.com\/wp-content\/uploads\/2024\/03\/Ueber-mich-bild-1-768x1024.jpg 768w, https:\/\/riverbalance-kuhnitzsch.com\/wp-content\/uploads\/2024\/03\/Ueber-mich-bild-1-scaled-600x800.jpg 600w, https:\/\/riverbalance-kuhnitzsch.com\/wp-content\/uploads\/2024\/03\/Ueber-mich-bild-1-225x300.jpg 225w, https:\/\/riverbalance-kuhnitzsch.com\/wp-content\/uploads\/2024\/03\/Ueber-mich-bild-1-1152x1536.jpg 1152w, https:\/\/riverbalance-kuhnitzsch.com\/wp-content\/uploads\/2024\/03\/Ueber-mich-bild-1-1536x2048.jpg 1536w, https:\/\/riverbalance-kuhnitzsch.com\/wp-content\/uploads\/2024\/03\/Ueber-mich-bild-1-scaled.jpg 1920w\" sizes=\"(max-width: 768px) 100vw, 768px\" \/><\/figure><\/div><h2 class=\"wp-block-heading alignfull has-text-align-center\">\u00dcber Elisabeth<\/h2><div class=\"wp-block-media-text is-stacked-on-mobile\"><figure class=\"wp-block-media-text__media\"><img decoding=\"async\" width=\"944\" height=\"1024\" src=\"https:\/\/riverbalance-kuhnitzsch.com\/wp-content\/uploads\/2024\/12\/IMG_2166-944x1024.jpeg\" alt=\"\" class=\"wp-image-1043 size-full\" srcset=\"https:\/\/riverbalance-kuhnitzsch.com\/wp-content\/uploads\/2024\/12\/IMG_2166-944x1024.jpeg 944w, https:\/\/riverbalance-kuhnitzsch.com\/wp-content\/uploads\/2024\/12\/IMG_2166-277x300.jpeg 277w, https:\/\/riverbalance-kuhnitzsch.com\/wp-content\/uploads\/2024\/12\/IMG_2166-768x833.jpeg 768w, https:\/\/riverbalance-kuhnitzsch.com\/wp-content\/uploads\/2024\/12\/IMG_2166-1416x1536.jpeg 1416w, https:\/\/riverbalance-kuhnitzsch.com\/wp-content\/uploads\/2024\/12\/IMG_2166-1888x2048.jpeg 1888w, https:\/\/riverbalance-kuhnitzsch.com\/wp-content\/uploads\/2024\/12\/IMG_2166-600x651.jpeg 600w\" sizes=\"(max-width: 944px) 100vw, 944px\" \/><\/figure><div class=\"wp-block-media-text__content\"><p>Meine Reise zum Wasser begann weder durch ein Studium, noch durch eine Ausbildung und auch nicht in meiner Kindheit. Erst viel sp\u00e4ter weckte Clemens in mir diese Faszination und Sehnsucht f\u00fcr die Gew\u00e4sser und besonders f\u00fcr die Natur im Allgemeinen. Unber\u00fchrte, wilde Natur. Das l\u00e4sst auch mein Herz mittlerweile h\u00f6herschlagen. Hinzu kommt mein wachsendes Bewusstsein f\u00fcr die enorme Wichtigkeit von sauberem und gesundem Trinkwasser. &nbsp;Das und noch etliche weitere Gr\u00fcnde, lie\u00dfen mich Teil von Riverbalance werden. Als gelernte Industriekauffrau bestehen meine Aufgaben bei Riverbalance in den kreativen Arbeiten: der Programmierung und Pflege der Webseite, das F\u00fchren des Instagramm-Accounts, Marketing, das Erstellen von Flyern, Bannern und Texten, Strategie-Planung, Organisation von Messen und Events und das Managen von Terminen und Projekten. Ganz nebenbei ziehe ich noch als Vollzeitmama den Nachwuchs an die Thematik heran.<\/p><\/div><\/div><p><\/p><p><\/p><style>#sp-ea-467 .spcollapsing { height: 0; overflow: hidden; transition-property: height;transition-duration: 300ms;}#sp-ea-467.sp-easy-accordion>.sp-ea-single {margin-bottom: 10px; border: 1px solid #e2e2e2; }#sp-ea-467.sp-easy-accordion>.sp-ea-single>.ea-header a {color: #444;}#sp-ea-467.sp-easy-accordion>.sp-ea-single>.sp-collapse>.ea-body {background: #fff; color: #444;}#sp-ea-467.sp-easy-accordion>.sp-ea-single {background: #eee;}#sp-ea-467.sp-easy-accordion>.sp-ea-single>.ea-header a .ea-expand-icon { float: left; color: #444;font-size: 16px;}<\/style><div id=\"sp_easy_accordion-1696190192\">\n<div id=\"sp-ea-467\" class=\"sp-ea-one sp-easy-accordion\" data-ea-active=\"ea-click\" data-ea-mode=\"vertical\" data-preloader=\"\" data-scroll-active-item=\"\" data-offset-to-scroll=\"0\">\n\n<!-- Start accordion card div. -->\n<div class=\"ea-card  sp-ea-single\">\n\t<!-- Start accordion header. -->\n\t<h3 class=\"ea-header\">\n\t\t<!-- Add anchor tag for header. -->\n\t\t<a class=\"collapsed\" id=\"ea-header-4670\" role=\"button\" data-sptoggle=\"spcollapse\" data-sptarget=\"#collapse4670\" aria-controls=\"collapse4670\" href=\"#\"  aria-expanded=\"false\" tabindex=\"0\">\n\t\t<i aria-hidden=\"true\" role=\"presentation\" class=\"ea-expand-icon eap-icon-ea-expand-plus\"><\/i> Werdegang\t\t<\/a> <!-- Close anchor tag for header. -->\n\t<\/h3>\t<!-- Close header tag. -->\n\t<!-- Start collapsible content div. -->\n\t<div class=\"sp-collapse spcollapse spcollapse\" id=\"collapse4670\" data-parent=\"#sp-ea-467\" role=\"region\" aria-labelledby=\"ea-header-4670\">  <!-- Content div. -->\n\t\t<div class=\"ea-body\">\n\t\t<ul>\n<li><strong>2015-2018<\/strong> - Bachelorstudium an der TU Dresden, Bachelor of Science im Fach Hydrowissenschaften, Vertiefung Hydrologie<\/li>\n<li><strong>2018-2020<\/strong> - Masterstudium an der TU Dresden, Master of Science im Fach Hydrobiologie, Vertiefung Gew\u00e4sser\u00f6kologie und Fischbioz\u00f6nose<\/li>\n<li><strong>2021-2024<\/strong> \u2013 Planung und Realisierung von Gew\u00e4sserentwicklungsma\u00dfnahmen und Erstellung von Fachkonzepten zur Umsetzung der WRRL f\u00fcr Gew\u00e4sser 1. Ordnung im Betrieb FMZ der Landestalsperrenverwaltung<\/li>\n<li><strong>2022-2023<\/strong> - Ausbildung Wildnisp\u00e4dagogik bei der Wildnisschule Wildniswandern Nationalpark Bayerischer Wald<\/li>\n<li><strong>seit 2022<\/strong> - Seminarleiter bei der DWA Sachsen\/Th\u00fcringen<\/li>\n<li><strong>seit 2023 -\u00a0<\/strong>Gastdozent bei der Hochschule Mittweida (Thema: Hydrochemie)<\/li>\n<li><strong>seit 2024<\/strong> - Umweltausbilder bei der Landesstiftung f\u00fcr Natur und Umwelt (LaNu)<\/li>\n<li><strong>seit 2024<\/strong> - Nationalparkf\u00fchrer \"Flie\u00dfgew\u00e4sser\" in der S\u00e4chsischen Schweiz<\/li>\n<\/ul>\n\t\t<\/div> <!-- Close content div. -->\n\t<\/div> <!-- Close collapse div. -->\n<\/div> <!-- Close card div. -->\n<\/div>\n<\/div>\n<div ><style>#sp-ea-553 .spcollapsing { height: 0; overflow: hidden; transition-property: height;transition-duration: 300ms;}#sp-ea-553.sp-easy-accordion>.sp-ea-single {margin-bottom: 10px; border: 1px solid #e2e2e2; }#sp-ea-553.sp-easy-accordion>.sp-ea-single>.ea-header a {color: #444;}#sp-ea-553.sp-easy-accordion>.sp-ea-single>.sp-collapse>.ea-body {background: #fff; color: #444;}#sp-ea-553.sp-easy-accordion>.sp-ea-single {background: #eee;}#sp-ea-553.sp-easy-accordion>.sp-ea-single>.ea-header a .ea-expand-icon { float: left; color: #444;font-size: 16px;}<\/style><div id=\"sp_easy_accordion-1696189115\">\n<div id=\"sp-ea-553\" class=\"sp-ea-one sp-easy-accordion\" data-ea-active=\"ea-click\" data-ea-mode=\"vertical\" data-preloader=\"\" data-scroll-active-item=\"\" data-offset-to-scroll=\"0\">\n\n<!-- Start accordion card div. -->\n<div class=\"ea-card  sp-ea-single\">\n\t<!-- Start accordion header. -->\n\t<h3 class=\"ea-header\">\n\t\t<!-- Add anchor tag for header. -->\n\t\t<a class=\"collapsed\" id=\"ea-header-5530\" role=\"button\" data-sptoggle=\"spcollapse\" data-sptarget=\"#collapse5530\" aria-controls=\"collapse5530\" href=\"#\"  aria-expanded=\"false\" tabindex=\"0\">\n\t\t<i aria-hidden=\"true\" role=\"presentation\" class=\"ea-expand-icon eap-icon-ea-expand-plus\"><\/i> Mitgliedschaften\t\t<\/a> <!-- Close anchor tag for header. -->\n\t<\/h3>\t<!-- Close header tag. -->\n\t<!-- Start collapsible content div. -->\n\t<div class=\"sp-collapse spcollapse spcollapse\" id=\"collapse5530\" data-parent=\"#sp-ea-553\" role=\"region\" aria-labelledby=\"ea-header-5530\">  <!-- Content div. -->\n\t\t<div class=\"ea-body\">\n\t\t<ul>\n<li><strong>seit 2022<\/strong> &#8211; Seminarleiter bei der DWA Sachsen\/Th\u00fcringen<\/li>\n<li><strong>seit 2022<\/strong> Obmann DWA Gew\u00e4ssernachbarschaft Elbe (Sachsen)<\/li>\n<li><strong>seit 2023<\/strong> Mitglied WWF<\/li>\n<li><strong>seit 2023<\/strong> Mitglied DWA<\/li>\n<li><strong>seit 2023<\/strong> Mitwirkender der DWA Arbeitsgruppe GB-1.13 \u201eBereitstellung von Fl\u00e4chen f\u00fcr die Gew\u00e4sserentwicklung\u201c<\/li>\n<li><strong>seit Dezember 2023<\/strong> Mitglied des DWA-FA GB-1 \u201e\u00d6kologie und Management von Flussgebieten\u201c<\/li>\n<\/ul>\n\t\t<\/div> <!-- Close content div. -->\n\t<\/div> <!-- Close collapse div. -->\n<\/div> <!-- Close card div. -->\n<\/div>\n<\/div>\n<\/div><div ><style>#sp-ea-1013 .spcollapsing { height: 0; overflow: hidden; transition-property: height;transition-duration: 300ms;}#sp-ea-1013.sp-easy-accordion>.sp-ea-single {margin-bottom: 10px; border: 1px solid #e2e2e2; }#sp-ea-1013.sp-easy-accordion>.sp-ea-single>.ea-header a {color: #444;}#sp-ea-1013.sp-easy-accordion>.sp-ea-single>.sp-collapse>.ea-body {background: #fff; color: #444;}#sp-ea-1013.sp-easy-accordion>.sp-ea-single {background: #eee;}#sp-ea-1013.sp-easy-accordion>.sp-ea-single>.ea-header a .ea-expand-icon { float: left; color: #444;font-size: 16px;}<\/style><div id=\"sp_easy_accordion-1731781448\">\n<div id=\"sp-ea-1013\" class=\"sp-ea-one sp-easy-accordion\" data-ea-active=\"ea-click\" data-ea-mode=\"vertical\" data-preloader=\"\" data-scroll-active-item=\"\" data-offset-to-scroll=\"0\">\n\n<!-- Start accordion card div. -->\n<div class=\"ea-card  sp-ea-single\">\n\t<!-- Start accordion header. -->\n\t<h3 class=\"ea-header\">\n\t\t<!-- Add anchor tag for header. -->\n\t\t<a class=\"collapsed\" id=\"ea-header-10130\" role=\"button\" data-sptoggle=\"spcollapse\" data-sptarget=\"#collapse10130\" aria-controls=\"collapse10130\" href=\"#\"  aria-expanded=\"false\" tabindex=\"0\">\n\t\t<i aria-hidden=\"true\" role=\"presentation\" class=\"ea-expand-icon eap-icon-ea-expand-plus\"><\/i> Publikationen und Auftritte\t\t<\/a> <!-- Close anchor tag for header. -->\n\t<\/h3>\t<!-- Close header tag. -->\n\t<!-- Start collapsible content div. -->\n\t<div class=\"sp-collapse spcollapse spcollapse\" id=\"collapse10130\" data-parent=\"#sp-ea-1013\" role=\"region\" aria-labelledby=\"ea-header-10130\">  <!-- Content div. -->\n\t\t<div class=\"ea-body\">\n\t\t<p><img loading=\"lazy\" decoding=\"async\" class=\"alignnone wp-image-1026 \" src=\"https:\/\/riverbalance-kuhnitzsch.com\/wp-content\/uploads\/2024\/11\/9783987260889.jpg\" alt=\"\" width=\"420\" height=\"595\" srcset=\"https:\/\/riverbalance-kuhnitzsch.com\/wp-content\/uploads\/2024\/11\/9783987260889.jpg 1760w, https:\/\/riverbalance-kuhnitzsch.com\/wp-content\/uploads\/2024\/11\/9783987260889-212x300.jpg 212w, https:\/\/riverbalance-kuhnitzsch.com\/wp-content\/uploads\/2024\/11\/9783987260889-723x1024.jpg 723w, https:\/\/riverbalance-kuhnitzsch.com\/wp-content\/uploads\/2024\/11\/9783987260889-768x1087.jpg 768w, https:\/\/riverbalance-kuhnitzsch.com\/wp-content\/uploads\/2024\/11\/9783987260889-1085x1536.jpg 1085w, https:\/\/riverbalance-kuhnitzsch.com\/wp-content\/uploads\/2024\/11\/9783987260889-1446x2048.jpg 1446w, https:\/\/riverbalance-kuhnitzsch.com\/wp-content\/uploads\/2024\/11\/9783987260889-600x850.jpg 600w\" sizes=\"(max-width: 420px) 100vw, 420px\" \/><\/p>\n<p><iframe hcb-fetch-image-from=\"https:\/\/open.spotify.com\/episode\/3HNrRRCM93EzC4ojEa0ALB?si=ad61da8da7af4165\" title=\"Spotify Embed: Wasser und Wald - Wunderwelt Auen\" style=\"border-radius: 12px\" width=\"100%\" height=\"152\" frameborder=\"0\" allowfullscreen allow=\"autoplay; clipboard-write; encrypted-media; fullscreen; picture-in-picture\" loading=\"lazy\" src=\"https:\/\/open.spotify.com\/embed\/episode\/3HNrRRCM93EzC4ojEa0ALB?si=ad61da8da7af4165&amp;utm_source=oembed\"><\/iframe><\/p>\n<p><iframe hcb-fetch-image-from=\"https:\/\/open.spotify.com\/episode\/6Vi0bywsA71ONSr9bUqGDB?si=4ff4022c72be4a5f\" title=\"Spotify Embed: Horch mal was da rauscht -Der Bach ruft und die Alten h\u00f6ren zu.\" style=\"border-radius: 12px\" width=\"100%\" height=\"152\" frameborder=\"0\" allowfullscreen allow=\"autoplay; clipboard-write; encrypted-media; fullscreen; picture-in-picture\" loading=\"lazy\" src=\"https:\/\/open.spotify.com\/embed\/episode\/6Vi0bywsA71ONSr9bUqGDB?si=4ff4022c72be4a5f&amp;utm_source=oembed\"><\/iframe><\/p>\n<p><iframe hcb-fetch-image-from=\"https:\/\/open.spotify.com\/episode\/33ur0sUpSkRDoWPNOVFDAU?si=d78199f5ea1648eb\" title=\"Spotify Embed: #52-Gew\u00e4sser\u00f6kologie-Clemens Kuhnitzsch\" style=\"border-radius: 12px\" width=\"100%\" height=\"152\" frameborder=\"0\" allowfullscreen allow=\"autoplay; clipboard-write; encrypted-media; fullscreen; picture-in-picture\" loading=\"lazy\" src=\"https:\/\/open.spotify.com\/embed\/episode\/33ur0sUpSkRDoWPNOVFDAU?si=d78199f5ea1648eb&amp;utm_source=oembed\"><\/iframe><\/p>\n<p><iframe hcb-fetch-image-from=\"https:\/\/www.youtube.com\/watch?v=dMPiLTCJgfw\" title=\"Artensterben in B\u00e4chen und Fl\u00fcssen \u2013 wir brauchen Daten \u00fcber unsere kleinen Gew\u00e4sser | SWR Doku\" width=\"1032\" height=\"581\" src=\"https:\/\/www.youtube.com\/embed\/dMPiLTCJgfw?feature=oembed\" frameborder=\"0\" allow=\"accelerometer; autoplay; clipboard-write; encrypted-media; gyroscope; picture-in-picture; web-share\" referrerpolicy=\"strict-origin-when-cross-origin\" allowfullscreen><\/iframe><\/p>\n<p><iframe hcb-fetch-image-from=\"https:\/\/www.youtube.com\/watch?v=M2MO1c5a1OI&amp;t=57s\" title=\"Artensterben an Deutschlands Fl\u00fcssen \u2013 Wenn der Mensch in die Natur eingreift | #UnsereFl\u00fcsse\" width=\"1032\" height=\"581\" src=\"https:\/\/www.youtube.com\/embed\/M2MO1c5a1OI?start=57&#038;feature=oembed\" frameborder=\"0\" allow=\"accelerometer; autoplay; clipboard-write; encrypted-media; gyroscope; picture-in-picture; web-share\" referrerpolicy=\"strict-origin-when-cross-origin\" allowfullscreen><\/iframe><\/p>\n\t\t<\/div> <!-- Close content div. -->\n\t<\/div> <!-- Close collapse div. -->\n<\/div> <!-- Close card div. -->\n<\/div>\n<\/div>\n<\/div>","protected":false},"excerpt":{"rendered":"<p>Riverbalance entstand aus der Idee heraus, dass Thema Wasser hautnah an die Menschen heran zu bringen. Denn ohne dieses Gut sind wir aufgeschmissen. Wir wollten &hellip;<\/p>\n","protected":false},"author":1,"featured_media":1047,"parent":0,"menu_order":0,"comment_status":"closed","ping_status":"closed","template":"","meta":{"footnotes":""},"class_list":["post-147","page","type-page","status-publish","has-post-thumbnail","hentry"],"_links":{"self":[{"href":"https:\/\/riverbalance-kuhnitzsch.com\/index.php\/wp-json\/wp\/v2\/pages\/147","targetHints":{"allow":["GET"]}}],"collection":[{"href":"https:\/\/riverbalance-kuhnitzsch.com\/index.php\/wp-json\/wp\/v2\/pages"}],"about":[{"href":"https:\/\/riverbalance-kuhnitzsch.com\/index.php\/wp-json\/wp\/v2\/types\/page"}],"author":[{"embeddable":true,"href":"https:\/\/riverbalance-kuhnitzsch.com\/index.php\/wp-json\/wp\/v2\/users\/1"}],"replies":[{"embeddable":true,"href":"https:\/\/riverbalance-kuhnitzsch.com\/index.php\/wp-json\/wp\/v2\/comments?post=147"}],"version-history":[{"count":31,"href":"https:\/\/riverbalance-kuhnitzsch.com\/index.php\/wp-json\/wp\/v2\/pages\/147\/revisions"}],"predecessor-version":[{"id":1269,"href":"https:\/\/riverbalance-kuhnitzsch.com\/index.php\/wp-json\/wp\/v2\/pages\/147\/revisions\/1269"}],"wp:featuredmedia":[{"embeddable":true,"href":"https:\/\/riverbalance-kuhnitzsch.com\/index.php\/wp-json\/wp\/v2\/media\/1047"}],"wp:attachment":[{"href":"https:\/\/riverbalance-kuhnitzsch.com\/index.php\/wp-json\/wp\/v2\/media?parent=147"}],"curies":[{"name":"wp","href":"https:\/\/api.w.org\/{rel}","templated":true}]}}